{"id":108,"date":"2021-05-13T19:38:00","date_gmt":"2021-05-13T19:38:00","guid":{"rendered":"https:\/\/marcokern.ch\/?page_id=108"},"modified":"2025-10-30T11:31:31","modified_gmt":"2025-10-30T11:31:31","slug":"partner","status":"publish","type":"page","link":"https:\/\/marcokern.ch\/index.php\/partner\/","title":{"rendered":"PARTNER"},"content":{"rendered":"<p>[et_pb_section fb_built=&#8220;1&#8243; _builder_version=&#8220;4.9.4&#8243; _module_preset=&#8220;default&#8220;][et_pb_row _builder_version=&#8220;4.9.4&#8243; _module_preset=&#8220;default&#8220;][et_pb_column type=&#8220;4_4&#8243; _builder_version=&#8220;4.9.4&#8243; _module_preset=&#8220;default&#8220;][et_pb_text admin_label=&#8220;Title&#8220; _builder_version=&#8220;4.9.4&#8243; text_font=&#8220;||||||||&#8220; ul_font=&#8220;||||||||&#8220; ol_font=&#8220;||||||||&#8220; header_font=&#8220;||||||||&#8220; header_2_font=&#8220;||||||||&#8220; header_3_font=&#8220;Oswald||on|on|||||&#8220; header_3_font_size=&#8220;12px&#8220; header_3_letter_spacing=&#8220;7px&#8220; header_3_line_height=&#8220;1.6em&#8220; header_4_font=&#8220;||||||||&#8220; header_5_font=&#8220;||||||||&#8220; header_6_font=&#8220;||||||||&#8220; custom_margin=&#8220;||0px|40px&#8220; custom_margin_tablet=&#8220;&#8220; custom_margin_phone=&#8220;|||0px&#8220; custom_margin_last_edited=&#8220;on|phone&#8220; custom_padding=&#8220;|5vw||&#8220; custom_padding_tablet=&#8220;&#8220; custom_padding_phone=&#8220;|0vw||&#8220; custom_padding_last_edited=&#8220;on|phone&#8220; animation_style=&#8220;slide&#8220; animation_direction=&#8220;left&#8220; animation_intensity_slide=&#8220;10%&#8220; header_3_font_size_tablet=&#8220;4vw&#8220; header_3_font_size_last_edited=&#8220;off|desktop&#8220; locked=&#8220;off&#8220; header_font_size__hover=&#8220;30px&#8220; header_font_size__hover_enabled=&#8220;30px&#8220; header_letter_spacing__hover=&#8220;0px&#8220; header_letter_spacing__hover_enabled=&#8220;0px&#8220; header_text_shadow_style__hover=&#8220;none&#8220; header_text_shadow_style__hover_enabled=&#8220;none&#8220; header_text_shadow_color__hover=&#8220;rgba(0,0,0,0.4)&#8220; header_text_shadow_color__hover_enabled=&#8220;rgba(0,0,0,0.4)&#8220;][\/et_pb_text][et_pb_divider color=&#8220;#ff4c00&#8243; divider_weight=&#8220;2px&#8220; _builder_version=&#8220;3.16.1&#8243; max_width=&#8220;70px&#8220; module_alignment=&#8220;left&#8220; height=&#8220;2px&#8220; custom_margin=&#8220;||8px|&#8220; animation_style=&#8220;fade&#8220; locked=&#8220;off&#8220;][\/et_pb_divider][et_pb_text admin_label=&#8220;Title&#8220; _builder_version=&#8220;4.9.4&#8243; text_font=&#8220;||||||||&#8220; text_line_height=&#8220;2em&#8220; header_font=&#8220;||||||||&#8220; header_2_font=&#8220;Oswald|700||on|||||&#8220; header_2_font_size=&#8220;40px&#8220; header_2_letter_spacing=&#8220;0.18em&#8220; header_2_line_height=&#8220;1.4em&#8220; custom_margin=&#8220;|||30px&#8220; custom_margin_tablet=&#8220;|||0vw&#8220; custom_margin_phone=&#8220;||0px&#8220; custom_margin_last_edited=&#8220;on|phone&#8220; header_2_font_size_tablet=&#8220;&#8220; header_2_font_size_phone=&#8220;30px&#8220; header_2_font_size_last_edited=&#8220;on|phone&#8220; header_2_text_shadow_style=&#8220;preset3&#8243; header_2_text_shadow_blur_strength=&#8220;0.4em&#8220; header_2_text_shadow_color=&#8220;rgba(255,255,255,0.6)&#8220; locked=&#8220;off&#8220; animation_style__hover=&#8220;none&#8220; animation_style__hover_enabled=&#8220;none&#8220; animation_repeat__hover=&#8220;once&#8220; animation_repeat__hover_enabled=&#8220;once&#8220; animation_direction__hover=&#8220;center&#8220; animation_direction__hover_enabled=&#8220;center&#8220; animation_duration__hover=&#8220;1000ms&#8220; animation_duration__hover_enabled=&#8220;1000ms&#8220; animation_delay__hover=&#8220;0ms&#8220; animation_delay__hover_enabled=&#8220;0ms&#8220; animation_intensity_slide__hover=&#8220;50%&#8220; animation_intensity_slide__hover_enabled=&#8220;50%&#8220; animation_intensity_zoom__hover=&#8220;50%&#8220; animation_intensity_zoom__hover_enabled=&#8220;50%&#8220; animation_intensity_flip__hover=&#8220;50%&#8220; animation_intensity_flip__hover_enabled=&#8220;50%&#8220; animation_intensity_fold__hover=&#8220;50%&#8220; animation_intensity_fold__hover_enabled=&#8220;50%&#8220; animation_intensity_roll__hover=&#8220;50%&#8220; animation_intensity_roll__hover_enabled=&#8220;50%&#8220; animation_starting_opacity__hover=&#8220;0%&#8220; animation_starting_opacity__hover_enabled=&#8220;0%&#8220; animation_speed_curve__hover=&#8220;ease-in-out&#8220; animation_speed_curve__hover_enabled=&#8220;ease-in-out&#8220;]<\/p>\n<h2>Partner<\/h2>\n<p>[\/et_pb_text][\/et_pb_column][\/et_pb_row][et_pb_row column_structure=&#8220;1_2,1_2&#8243; _builder_version=&#8220;4.9.4&#8243; _module_preset=&#8220;default&#8220; animation_style=&#8220;fade&#8220;][et_pb_column type=&#8220;1_2&#8243; _builder_version=&#8220;4.9.4&#8243; _module_preset=&#8220;default&#8220;][et_pb_image src=&#8220;https:\/\/marcokern.ch\/wp-content\/uploads\/2021\/05\/image-bigMobileWide-4d007ac1-35832.jpg&#8220; title_text=&#8220;image-bigMobileWide-4d007ac1-35832&#8243; url=&#8220;https:\/\/www.adidas.ch\/de&#8220; url_new_window=&#8220;on&#8220; _builder_version=&#8220;4.9.4&#8243; _module_preset=&#8220;default&#8220;][\/et_pb_image][et_pb_text _builder_version=&#8220;4.9.4&#8243; _module_preset=&#8220;default&#8220;]<\/p>\n<h4><strong>adidas<\/strong><\/h4>\n<p>Das Team von adidas Schweiz r\u00fcstet mich seit der Saison 2013 mit Sportartikeln aus und begleitet mich auf den Sportpl\u00e4tzen im In- und Ausland. Daraus ist auch mein Engagement f\u00fcr die adidas Runners Z\u00fcrich entstanden, die ich seit 2021 als Captain coachen und f\u00fchren darf.<\/p>\n<p>[\/et_pb_text][\/et_pb_column][et_pb_column type=&#8220;1_2&#8243; _builder_version=&#8220;4.9.4&#8243; _module_preset=&#8220;default&#8220;][et_pb_image src=&#8220;https:\/\/marcokern.ch\/wp-content\/uploads\/2021\/05\/runaissance_logo_final.png&#8220; title_text=&#8220;runaissance_logo_final&#8220; url=&#8220;https:\/\/www.runaissance.ch\/&#8220; url_new_window=&#8220;on&#8220; _builder_version=&#8220;4.9.4&#8243; _module_preset=&#8220;default&#8220; custom_padding=&#8220;40px||40px||true|false&#8220;][\/et_pb_image][et_pb_text _builder_version=&#8220;4.9.4&#8243; _module_preset=&#8220;default&#8220;]<\/p>\n<h4><strong>Runaissance<\/strong><\/h4>\n<p>Zusammen mit Daniel Rahm, meinem langj\u00e4hrigen Trainer, Mentor und Freund, habe ich 2019 die Runaissance GmbH gegr\u00fcndet. Mit unserer Erfahrung, Kompetenz und Leidenschaft bieten wir Personal Trainings, schreiben Trainingspl\u00e4ne und -programme, leiten Gruppentrainings und organisieren Events.<\/p>\n<p>[\/et_pb_text][\/et_pb_column][\/et_pb_row][et_pb_row column_structure=&#8220;1_2,1_2&#8243; _builder_version=&#8220;4.9.4&#8243; _module_preset=&#8220;default&#8220; animation_style=&#8220;fade&#8220;][et_pb_column type=&#8220;1_2&#8243; _builder_version=&#8220;4.9.4&#8243; _module_preset=&#8220;default&#8220;][et_pb_image src=&#8220;https:\/\/marcokern.ch\/wp-content\/uploads\/2021\/05\/LCS_Logo_Schriftzug_Transparent.gif&#8220; title_text=&#8220;LCS_Logo_Schriftzug_Transparent&#8220; url=&#8220;http:\/\/lcsh.ch\/&#8220; url_new_window=&#8220;on&#8220; _builder_version=&#8220;4.9.4&#8243; _module_preset=&#8220;default&#8220; custom_padding=&#8220;29px||29px||true|false&#8220;][\/et_pb_image][et_pb_text _builder_version=&#8220;4.9.4&#8243; _module_preset=&#8220;default&#8220;]<\/p>\n<h4><strong>Leichtathletik Club Schaffhausen<br \/><\/strong><\/h4>\n<p>Mein Verein seit ich 1999 mit der Leichtathletik begonnen habe. In all den Jahren meiner L\u00e4uferkarriere durfte ich von der grossz\u00fcgigen F\u00f6rderung des LCS profitieren. Nicht nur finanziell. Sondern auch dank der unbeschreiblich wertvollen Arbeit und Unterst\u00fctzung aller meiner Trainerinnen und Trainern sowie des Vorstands. <\/p>\n<p>[\/et_pb_text][\/et_pb_column][et_pb_column type=&#8220;1_2&#8243; _builder_version=&#8220;4.9.4&#8243; _module_preset=&#8220;default&#8220;][et_pb_image src=&#8220;https:\/\/marcokern.ch\/wp-content\/uploads\/2021\/05\/525327_621578547858825_1306072564_n.jpg&#8220; title_text=&#8220;525327_621578547858825_1306072564_n&#8220; url=&#8220;https:\/\/www.facebook.com\/LGNordschwarzwald\/?__tn__=-UC*F&#8220; url_new_window=&#8220;on&#8220; _builder_version=&#8220;4.9.4&#8243; _module_preset=&#8220;default&#8220; custom_padding=&#8220;13px||13px||true|false&#8220;][\/et_pb_image][et_pb_text _builder_version=&#8220;4.9.4&#8243; _module_preset=&#8220;default&#8220;]<\/p>\n<h4><strong>LG farbtex Nordschwarzwald<br \/><\/strong><\/h4>\n<p>Mein deutscher Verein, zu dem ich 2005 dazustossen durfte, hat mir unter Federf\u00fchrung von J\u00f6rg &#8222;Jack&#8220; M\u00fcller, meinen Horizont in Bezug auf das Laufen und das Leben definitiv erweitert. In den Trainingslagern und auf den Wettkampfreisen habe ich gelernt, was man mit der richtigen Einstellung, unb\u00e4ndigem Willen und Leidenschaft, alles erreichen kann. <\/p>\n<p>[\/et_pb_text][\/et_pb_column][\/et_pb_row][\/et_pb_section][et_pb_section fb_built=&#8220;1&#8243; _builder_version=&#8220;4.9.4&#8243; _module_preset=&#8220;default&#8220;][et_pb_row _builder_version=&#8220;4.9.4&#8243; _module_preset=&#8220;default&#8220;][et_pb_column type=&#8220;4_4&#8243; _builder_version=&#8220;4.9.4&#8243; _module_preset=&#8220;default&#8220;][et_pb_text admin_label=&#8220;Title&#8220; _builder_version=&#8220;4.9.4&#8243; text_font=&#8220;||||||||&#8220; ul_font=&#8220;||||||||&#8220; ol_font=&#8220;||||||||&#8220; header_font=&#8220;||||||||&#8220; header_2_font=&#8220;||||||||&#8220; header_3_font=&#8220;Oswald||on|on|||||&#8220; header_3_font_size=&#8220;12px&#8220; header_3_letter_spacing=&#8220;7px&#8220; header_3_line_height=&#8220;1.6em&#8220; header_4_font=&#8220;||||||||&#8220; header_5_font=&#8220;||||||||&#8220; header_6_font=&#8220;||||||||&#8220; custom_margin=&#8220;||0px|40px&#8220; custom_margin_tablet=&#8220;&#8220; custom_margin_phone=&#8220;|||0px&#8220; custom_margin_last_edited=&#8220;on|phone&#8220; custom_padding=&#8220;|5vw||&#8220; custom_padding_tablet=&#8220;&#8220; custom_padding_phone=&#8220;|0vw||&#8220; custom_padding_last_edited=&#8220;on|phone&#8220; animation_style=&#8220;slide&#8220; animation_direction=&#8220;left&#8220; animation_intensity_slide=&#8220;10%&#8220; header_3_font_size_tablet=&#8220;4vw&#8220; header_3_font_size_last_edited=&#8220;off|desktop&#8220; locked=&#8220;off&#8220; header_font_size__hover=&#8220;30px&#8220; header_font_size__hover_enabled=&#8220;30px&#8220; header_letter_spacing__hover=&#8220;0px&#8220; header_letter_spacing__hover_enabled=&#8220;0px&#8220; header_text_shadow_style__hover=&#8220;none&#8220; header_text_shadow_style__hover_enabled=&#8220;none&#8220; header_text_shadow_color__hover=&#8220;rgba(0,0,0,0.4)&#8220; header_text_shadow_color__hover_enabled=&#8220;rgba(0,0,0,0.4)&#8220;][\/et_pb_text][et_pb_divider color=&#8220;#ff4c00&#8243; divider_weight=&#8220;2px&#8220; _builder_version=&#8220;3.16.1&#8243; max_width=&#8220;70px&#8220; module_alignment=&#8220;left&#8220; height=&#8220;2px&#8220; custom_margin=&#8220;||8px|&#8220; animation_style=&#8220;fade&#8220; locked=&#8220;off&#8220;][\/et_pb_divider][et_pb_text admin_label=&#8220;Title&#8220; _builder_version=&#8220;4.9.4&#8243; text_font=&#8220;||||||||&#8220; text_line_height=&#8220;2em&#8220; header_font=&#8220;||||||||&#8220; header_2_font=&#8220;Oswald|700||on|||||&#8220; header_2_font_size=&#8220;40px&#8220; header_2_letter_spacing=&#8220;0.18em&#8220; header_2_line_height=&#8220;1.4em&#8220; custom_margin=&#8220;|||30px&#8220; custom_margin_tablet=&#8220;|||0vw&#8220; custom_margin_phone=&#8220;||0px&#8220; custom_margin_last_edited=&#8220;on|phone&#8220; header_2_font_size_tablet=&#8220;&#8220; header_2_font_size_phone=&#8220;30px&#8220; header_2_font_size_last_edited=&#8220;on|phone&#8220; header_2_text_shadow_style=&#8220;preset3&#8243; header_2_text_shadow_blur_strength=&#8220;0.4em&#8220; header_2_text_shadow_color=&#8220;rgba(255,255,255,0.6)&#8220; locked=&#8220;off&#8220; animation_style__hover=&#8220;none&#8220; animation_style__hover_enabled=&#8220;none&#8220; animation_repeat__hover=&#8220;once&#8220; animation_repeat__hover_enabled=&#8220;once&#8220; animation_direction__hover=&#8220;center&#8220; animation_direction__hover_enabled=&#8220;center&#8220; animation_duration__hover=&#8220;1000ms&#8220; animation_duration__hover_enabled=&#8220;1000ms&#8220; animation_delay__hover=&#8220;0ms&#8220; animation_delay__hover_enabled=&#8220;0ms&#8220; animation_intensity_slide__hover=&#8220;50%&#8220; animation_intensity_slide__hover_enabled=&#8220;50%&#8220; animation_intensity_zoom__hover=&#8220;50%&#8220; animation_intensity_zoom__hover_enabled=&#8220;50%&#8220; animation_intensity_flip__hover=&#8220;50%&#8220; animation_intensity_flip__hover_enabled=&#8220;50%&#8220; animation_intensity_fold__hover=&#8220;50%&#8220; animation_intensity_fold__hover_enabled=&#8220;50%&#8220; animation_intensity_roll__hover=&#8220;50%&#8220; animation_intensity_roll__hover_enabled=&#8220;50%&#8220; animation_starting_opacity__hover=&#8220;0%&#8220; animation_starting_opacity__hover_enabled=&#8220;0%&#8220; animation_speed_curve__hover=&#8220;ease-in-out&#8220; animation_speed_curve__hover_enabled=&#8220;ease-in-out&#8220;]<\/p>\n<h2>Ehemalige Partner<\/h2>\n<p>[\/et_pb_text][\/et_pb_column][\/et_pb_row][et_pb_row column_structure=&#8220;1_3,1_3,1_3&#8243; _builder_version=&#8220;4.9.4&#8243; _module_preset=&#8220;default&#8220; animation_style=&#8220;fade&#8220;][et_pb_column type=&#8220;1_3&#8243; _builder_version=&#8220;4.9.4&#8243; _module_preset=&#8220;default&#8220;][et_pb_image src=&#8220;https:\/\/marcokern.ch\/wp-content\/uploads\/2021\/05\/vv.png&#8220; title_text=&#8220;vv&#8220; url=&#8220;http:\/\/www.visual-values.com&#8220; url_new_window=&#8220;on&#8220; _builder_version=&#8220;4.9.4&#8243; _module_preset=&#8220;default&#8220; custom_padding=&#8220;24px||24px||true|false&#8220;][\/et_pb_image][et_pb_text _builder_version=&#8220;4.9.4&#8243; _module_preset=&#8220;default&#8220;]<\/p>\n<h4><strong>visual values<\/strong><\/h4>\n<p>Vom Schaffhauser Kreativ-Team um Hape Narr stammt nicht nur diese tolle Webseite. Aus ihrem Ideenhut sind in all den Jahren der Zusammenarbeit meine Logos sowie diverse grafische Kreationen meiner Projekte entstanden.<\/p>\n<p>[\/et_pb_text][\/et_pb_column][et_pb_column type=&#8220;1_3&#8243; _builder_version=&#8220;4.9.4&#8243; _module_preset=&#8220;default&#8220;][et_pb_image src=&#8220;https:\/\/marcokern.ch\/wp-content\/uploads\/2021\/05\/roost.png&#8220; title_text=&#8220;roost&#8220; url=&#8220;https:\/\/www.roost-optik.ch\/&#8220; url_new_window=&#8220;on&#8220; _builder_version=&#8220;4.9.4&#8243; _module_preset=&#8220;default&#8220; custom_padding=&#8220;14px||14px||true|false&#8220;][\/et_pb_image][et_pb_text content_tablet=&#8220;&#8220; content_phone=&#8220;<\/p>\n<h4><strong>Roost Augenoptik<br \/><\/strong><\/h4>\n<p>Mit dem innovativen, \u00e4usserst kompetenten und sympathischen Team an der Schaffhauser Schwertstrasse habe ich eine Sponsorenpartnerschaft seit 2019. Dank ihrem Know-How habe ich beim Sport und in der Freizeit immer den Durchblick.<\/p>\n<p>&#8220; content_last_edited=&#8220;on|phone&#8220; _builder_version=&#8220;4.9.4&#8243; _module_preset=&#8220;default&#8220;]<\/p>\n<h4><strong>Roost Augenoptik<br \/><\/strong><\/h4>\n<p>Mit dem innovativen, \u00e4usserst kompetenten und sympathischen Team an der Schaffhauser Schwertstrasse habe ich eine Sponsorenpartnerschaft seit 2019. Dank ihrem Know-How habe ich beim Sport und in der Freizeit immer den Durchblick.<\/p>\n<p>[\/et_pb_text][\/et_pb_column][et_pb_column type=&#8220;1_3&#8243; _builder_version=&#8220;4.9.4&#8243; _module_preset=&#8220;default&#8220;][et_pb_image src=&#8220;https:\/\/marcokern.ch\/wp-content\/uploads\/2021\/05\/Colin__Cie_Vermoegensmanagement_LOGO_RGB-600&#215;165-1.png&#8220; title_text=&#8220;Colin__Cie_Vermoegensmanagement_LOGO_RGB-600&#215;165&#8243; url=&#8220;https:\/\/www.colin-cie.com\/&#8220; url_new_window=&#8220;on&#8220; _builder_version=&#8220;4.9.4&#8243; _module_preset=&#8220;default&#8220;][\/et_pb_image][et_pb_text _builder_version=&#8220;4.9.4&#8243; _module_preset=&#8220;default&#8220;]<\/p>\n<h4><strong>Colin&amp;Cie.<br \/><\/strong><\/h4>\n<p>Von 2013-2021 mein pers\u00f6nlicher Hauptsponsor. Mitbegr\u00fcnder und Partner des Unternehmens, Peter Strohm, hat mich nicht nur finanziell unterst\u00fctzt, sondern ist mir auf meinem sportlichen Lebensweg als Begleiter und Berater zur Seite gestanden. Bei Erfolgen, aber vor allem auch bei Tiefschl\u00e4gen. Daraus ist Freundschaft entstanden.<\/p>\n<p>[\/et_pb_text][\/et_pb_column][\/et_pb_row][et_pb_row column_structure=&#8220;1_3,1_3,1_3&#8243; _builder_version=&#8220;4.9.4&#8243; _module_preset=&#8220;default&#8220; animation_style=&#8220;fade&#8220;][et_pb_column type=&#8220;1_3&#8243; _builder_version=&#8220;4.9.4&#8243; _module_preset=&#8220;default&#8220;][et_pb_image src=&#8220;https:\/\/marcokern.ch\/wp-content\/uploads\/2021\/05\/SejaBewegungstraining-300&#215;204-1.jpg&#8220; title_text=&#8220;SejaBewegungstraining-300&#215;204&#8243; url=&#8220;https:\/\/www.seja-bewegungstraining.ch\/&#8220; url_new_window=&#8220;on&#8220; _builder_version=&#8220;4.9.4&#8243; _module_preset=&#8220;default&#8220;][\/et_pb_image][et_pb_text _builder_version=&#8220;4.9.4&#8243; _module_preset=&#8220;default&#8220;]<\/p>\n<h4><strong>Seja Bewegungstraining<br \/><\/strong><\/h4>\n<p>Dahinter steckt mit Geronimo von Wartburg ein absoluter Lauf- und Bewegungsspezialist. Der Schweizer Marathonl\u00e4ufer (EM-Teilnehmer) lebt in Zuoz und kennt im Engadin jeden flachen und bergigen Laufkilometer. Damit ist er f\u00fcr Runaissance DER wertvolle Partner f\u00fcr unsere Aktivit\u00e4ten in der St. Moritzer Bergwelt.<\/p>\n<p>[\/et_pb_text][\/et_pb_column][et_pb_column type=&#8220;1_3&#8243; _builder_version=&#8220;4.9.4&#8243; _module_preset=&#8220;default&#8220;][et_pb_image src=&#8220;https:\/\/marcokern.ch\/wp-content\/uploads\/2021\/05\/eurofit.png&#8220; title_text=&#8220;eurofit&#8220; url=&#8220;https:\/\/www.eurofit.ch\/de&#8220; url_new_window=&#8220;on&#8220; _builder_version=&#8220;4.9.4&#8243; _module_preset=&#8220;default&#8220;][\/et_pb_image][et_pb_text _builder_version=&#8220;4.9.4&#8243; _module_preset=&#8220;default&#8220;]<\/p>\n<h4><strong>eurofit Fitnesscenter<br \/><\/strong><\/h4>\n<p>Als Partner bietet mir das eurofit die Top-Infrastruktur, die ich f\u00fcr mein Training in den Bereichen Kraft, Koordination, Ausdauer und Beweglichkeit brauche. Und als grosses Plus schafft das eurofit in Schaffhausen optimale Strukturen, was Gesundheit, Ern\u00e4hrung und Reha anbelangt.<\/p>\n<p>[\/et_pb_text][\/et_pb_column][et_pb_column type=&#8220;1_3&#8243; _builder_version=&#8220;4.9.4&#8243; _module_preset=&#8220;default&#8220;][et_pb_image src=&#8220;https:\/\/marcokern.ch\/wp-content\/uploads\/2021\/05\/sangian-e1620992592699.png&#8220; title_text=&#8220;sangian&#8220; url=&#8220;https:\/\/sangian.swiss-hotels-stmoritz.ch\/&#8220; url_new_window=&#8220;on&#8220; _builder_version=&#8220;4.9.4&#8243; _module_preset=&#8220;default&#8220; custom_padding=&#8220;18px||18px||true|false&#8220;][\/et_pb_image][et_pb_text _builder_version=&#8220;4.9.4&#8243; _module_preset=&#8220;default&#8220;]<\/p>\n<h4><strong>Hotel San Gian<br \/><\/strong><\/h4>\n<p>Mit dem Hotel San Gian-Team um Ernesto und Anabela Martinez habe ich (und Runaissance) eine Partnerschaft f\u00fcr Trainingslageraufenthalte, aber auch f\u00fcr unsere Laufwochen (seit 2020). Das San Gian in St. Moritz-Bad ist die perfekte Location f\u00fcr sportliche Aktivit\u00e4ten und Erholung das ganze Jahr hindurch.<\/p>\n<p>[\/et_pb_text][\/et_pb_column][\/et_pb_row][\/et_pb_section]<\/p>\n","protected":false},"excerpt":{"rendered":"<p>[et_pb_section fb_built=&#8220;1&#8243; _builder_version=&#8220;4.9.4&#8243; _module_preset=&#8220;default&#8220;][et_pb_row _builder_version=&#8220;4.9.4&#8243; _module_preset=&#8220;default&#8220;][et_pb_column type=&#8220;4_4&#8243; _builder_version=&#8220;4.9.4&#8243; _module_preset=&#8220;default&#8220;][et_pb_text admin_label=&#8220;Title&#8220; _builder_version=&#8220;4.9.4&#8243; text_font=&#8220;||||||||&#8220; ul_font=&#8220;||||||||&#8220; ol_font=&#8220;||||||||&#8220; header_font=&#8220;||||||||&#8220; header_2_font=&#8220;||||||||&#8220; header_3_font=&#8220;Oswald||on|on|||||&#8220; header_3_font_size=&#8220;12px&#8220; header_3_letter_spacing=&#8220;7px&#8220; header_3_line_height=&#8220;1.6em&#8220; header_4_font=&#8220;||||||||&#8220; header_5_font=&#8220;||||||||&#8220; header_6_font=&#8220;||||||||&#8220; custom_margin=&#8220;||0px|40px&#8220; custom_margin_tablet=&#8220;&#8220; custom_margin_phone=&#8220;|||0px&#8220; custom_margin_last_edited=&#8220;on|phone&#8220; custom_padding=&#8220;|5vw||&#8220; custom_padding_tablet=&#8220;&#8220; custom_padding_phone=&#8220;|0vw||&#8220; custom_padding_last_edited=&#8220;on|phone&#8220; animation_style=&#8220;slide&#8220; animation_direction=&#8220;left&#8220; animation_intensity_slide=&#8220;10%&#8220; header_3_font_size_tablet=&#8220;4vw&#8220; header_3_font_size_last_edited=&#8220;off|desktop&#8220; locked=&#8220;off&#8220; header_font_size__hover=&#8220;30px&#8220; header_font_size__hover_enabled=&#8220;30px&#8220; header_letter_spacing__hover=&#8220;0px&#8220; header_letter_spacing__hover_enabled=&#8220;0px&#8220; header_text_shadow_style__hover=&#8220;none&#8220; header_text_shadow_style__hover_enabled=&#8220;none&#8220; header_text_shadow_color__hover=&#8220;rgba(0,0,0,0.4)&#8220; header_text_shadow_color__hover_enabled=&#8220;rgba(0,0,0,0.4)&#8220;][\/et_pb_text][et_pb_divider color=&#8220;#ff4c00&#8243; divider_weight=&#8220;2px&#8220; _builder_version=&#8220;3.16.1&#8243; max_width=&#8220;70px&#8220; module_alignment=&#8220;left&#8220; height=&#8220;2px&#8220; custom_margin=&#8220;||8px|&#8220; animation_style=&#8220;fade&#8220; locked=&#8220;off&#8220;][\/et_pb_divider][et_pb_text admin_label=&#8220;Title&#8220; [&hellip;]<\/p>\n","protected":false},"author":1,"featured_media":0,"parent":0,"menu_order":0,"comment_status":"closed","ping_status":"closed","template":"","meta":{"_et_pb_use_builder":"on","_et_pb_old_content":"","_et_gb_content_width":"","footnotes":""},"class_list":["post-108","page","type-page","status-publish","hentry"],"_links":{"self":[{"href":"https:\/\/marcokern.ch\/index.php\/wp-json\/wp\/v2\/pages\/108","targetHints":{"allow":["GET"]}}],"collection":[{"href":"https:\/\/marcokern.ch\/index.php\/wp-json\/wp\/v2\/pages"}],"about":[{"href":"https:\/\/marcokern.ch\/index.php\/wp-json\/wp\/v2\/types\/page"}],"author":[{"embeddable":true,"href":"https:\/\/marcokern.ch\/index.php\/wp-json\/wp\/v2\/users\/1"}],"replies":[{"embeddable":true,"href":"https:\/\/marcokern.ch\/index.php\/wp-json\/wp\/v2\/comments?post=108"}],"version-history":[{"count":19,"href":"https:\/\/marcokern.ch\/index.php\/wp-json\/wp\/v2\/pages\/108\/revisions"}],"predecessor-version":[{"id":474,"href":"https:\/\/marcokern.ch\/index.php\/wp-json\/wp\/v2\/pages\/108\/revisions\/474"}],"wp:attachment":[{"href":"https:\/\/marcokern.ch\/index.php\/wp-json\/wp\/v2\/media?parent=108"}],"curies":[{"name":"wp","href":"https:\/\/api.w.org\/{rel}","templated":true}]}}